{"id":112,"date":"2018-10-23T21:56:42","date_gmt":"2018-10-23T19:56:42","guid":{"rendered":"https:\/\/vivace.willberg.bayern\/wordpress\/?page_id=112"},"modified":"2018-10-27T19:44:54","modified_gmt":"2018-10-27T17:44:54","slug":"ihre-spende","status":"publish","type":"page","link":"https:\/\/vivace-schongau.de\/?page_id=112","title":{"rendered":"Ihre Spende"},"content":{"rendered":"\n<p>\n\nSie wollen uns durch Ihre Spende finanziell unterst\u00fctzen?&nbsp;<\/p>\n\n\n\n<p>Dann senden Sie uns bitte eine E-Mail an folgende Adresse:&nbsp;<a href=\"mailto:info@vivace-schongau.de\">info@vivace-schongau.de<\/a><\/p>\n\n\n\n<p>Gerne k\u00f6nnen Sie sich auch mit einem unserer Vorstandsmitglieder in Verbindung setzen.<\/p>\n\n\n\n<p><br><strong><br>Wir freuen uns von Ihnen zu h\u00f6ren!<\/strong><\/p>\n","protected":false},"excerpt":{"rendered":"<p>Sie wollen uns durch Ihre Spende finanziell unterst\u00fctzen?&nbsp; Dann senden Sie uns bitte eine E-Mail an folgende Adresse:&nbsp;info@vivace-schongau.de Gerne k\u00f6nnen Sie sich auch mit einem unserer Vorstandsmitglieder in Verbindung setzen. Wir freuen uns von Ihnen zu h\u00f6ren!<\/p>\n","protected":false},"author":1,"featured_media":0,"parent":0,"menu_order":0,"comment_status":"closed","ping_status":"closed","template":"","meta":{"footnotes":""},"class_list":["post-112","page","type-page","status-publish","hentry"],"_links":{"self":[{"href":"https:\/\/vivace-schongau.de\/index.php?rest_route=\/wp\/v2\/pages\/112","targetHints":{"allow":["GET"]}}],"collection":[{"href":"https:\/\/vivace-schongau.de\/index.php?rest_route=\/wp\/v2\/pages"}],"about":[{"href":"https:\/\/vivace-schongau.de\/index.php?rest_route=\/wp\/v2\/types\/page"}],"author":[{"embeddable":true,"href":"https:\/\/vivace-schongau.de\/index.php?rest_route=\/wp\/v2\/users\/1"}],"replies":[{"embeddable":true,"href":"https:\/\/vivace-schongau.de\/index.php?rest_route=%2Fwp%2Fv2%2Fcomments&post=112"}],"version-history":[{"count":3,"href":"https:\/\/vivace-schongau.de\/index.php?rest_route=\/wp\/v2\/pages\/112\/revisions"}],"predecessor-version":[{"id":239,"href":"https:\/\/vivace-schongau.de\/index.php?rest_route=\/wp\/v2\/pages\/112\/revisions\/239"}],"wp:attachment":[{"href":"https:\/\/vivace-schongau.de\/index.php?rest_route=%2Fwp%2Fv2%2Fmedia&parent=112"}],"curies":[{"name":"wp","href":"https:\/\/api.w.org\/{rel}","templated":true}]}}