{"id":122,"date":"2018-10-23T22:06:30","date_gmt":"2018-10-23T20:06:30","guid":{"rendered":"https:\/\/vivace.willberg.bayern\/wordpress\/?page_id=122"},"modified":"2023-03-30T13:26:39","modified_gmt":"2023-03-30T11:26:39","slug":"aufnahme-in-den-chor","status":"publish","type":"page","link":"https:\/\/vivace-schongau.de\/?page_id=122","title":{"rendered":"Aufnahme in den Chor"},"content":{"rendered":"\n<p>Sch\u00f6n, dass Sie sich f\u00fcr eine &nbsp;Aufnahme in unseren Chor interessieren! Wir freuen uns sehr \u00fcber neue S\u00e4ngerinnen und&nbsp; S\u00e4nger.&nbsp; Wie die meisten&nbsp; gemischten Ch\u00f6re haben wir einen gro\u00dfen Bedarf an m\u00e4nnlichen S\u00e4ngern. M\u00e4nner sind also sehr gefragt.<br><\/p>\n\n\n\n<p><\/p>\n\n\n\n<p>Wenn Sie Ihren Feierabend am Donnerstagabend mit Singen gestalten m\u00f6chten, dann kommen Sie doch zum Schnuppern vorbei.<\/p>\n\n\n\n<p>(N\u00e4heres siehe unter\u00a0<a href=\"https:\/\/vivace-schongau.de\/?page_id=116\" data-type=\"page\" data-id=\"116\">Chorproben<\/a>).<\/p>\n\n\n\n<p>Gerne k\u00f6nnen Sie ein paar Proben bei uns zum Mitsingen dabei sein. Wenn&nbsp; Sie sich bei uns wohl f\u00fchlen, wovon wir ausgehen, dann d\u00fcrfen Sie sich entscheiden! Wenn Sie aufgenommen werden, &nbsp;erheben wir ab diesem Zeitpunkt einen monatlichen Betrag in H\u00f6he von von 20,- \u20ac. Ehepaare und Familienangeh\u00f6rige&nbsp;&nbsp;zahlen zusammen 30,- \u20ac, Studenten, Azubis und Sch\u00fcler bis 18 Jahre zahlen 10,- \u20ac.<\/p>\n\n\n\n<p>Bitte bringen Sie zur Chorprobe einen Bleistift, etwas zum Trinken, sowie bequeme Hausschuhe oder auch warme Socken mit!&nbsp;<br>Bei Fragen&nbsp; k\u00f6nnen Sie uns gerne eine Email senden oder Sie rufen uns einfach an. (Men\u00fc unter Kontakt)<br><\/p>\n","protected":false},"excerpt":{"rendered":"<p>Sch\u00f6n, dass Sie sich f\u00fcr eine &nbsp;Aufnahme in unseren Chor interessieren! Wir freuen uns sehr \u00fcber neue S\u00e4ngerinnen und&nbsp; S\u00e4nger.&nbsp; Wie die meisten&nbsp; gemischten Ch\u00f6re haben wir einen gro\u00dfen Bedarf an m\u00e4nnlichen S\u00e4ngern. M\u00e4nner sind also sehr gefragt. Wenn Sie Ihren Feierabend am Donnerstagabend mit Singen gestalten m\u00f6chten, dann kommen Sie doch zum Schnuppern vorbei. &hellip; <\/p>\n<p class=\"link-more\"><a href=\"https:\/\/vivace-schongau.de\/?page_id=122\" class=\"more-link\"><span class=\"screen-reader-text\">\u201eAufnahme in den Chor\u201c<\/span> weiterlesen<\/a><\/p>\n","protected":false},"author":1,"featured_media":0,"parent":0,"menu_order":0,"comment_status":"closed","ping_status":"closed","template":"","meta":{"footnotes":""},"class_list":["post-122","page","type-page","status-publish","hentry"],"_links":{"self":[{"href":"https:\/\/vivace-schongau.de\/index.php?rest_route=\/wp\/v2\/pages\/122","targetHints":{"allow":["GET"]}}],"collection":[{"href":"https:\/\/vivace-schongau.de\/index.php?rest_route=\/wp\/v2\/pages"}],"about":[{"href":"https:\/\/vivace-schongau.de\/index.php?rest_route=\/wp\/v2\/types\/page"}],"author":[{"embeddable":true,"href":"https:\/\/vivace-schongau.de\/index.php?rest_route=\/wp\/v2\/users\/1"}],"replies":[{"embeddable":true,"href":"https:\/\/vivace-schongau.de\/index.php?rest_route=%2Fwp%2Fv2%2Fcomments&post=122"}],"version-history":[{"count":11,"href":"https:\/\/vivace-schongau.de\/index.php?rest_route=\/wp\/v2\/pages\/122\/revisions"}],"predecessor-version":[{"id":634,"href":"https:\/\/vivace-schongau.de\/index.php?rest_route=\/wp\/v2\/pages\/122\/revisions\/634"}],"wp:attachment":[{"href":"https:\/\/vivace-schongau.de\/index.php?rest_route=%2Fwp%2Fv2%2Fmedia&parent=122"}],"curies":[{"name":"wp","href":"https:\/\/api.w.org\/{rel}","templated":true}]}}