{"id":130,"date":"2018-10-23T22:20:03","date_gmt":"2018-10-23T20:20:03","guid":{"rendered":"https:\/\/vivace.willberg.bayern\/wordpress\/?page_id=130"},"modified":"2025-11-17T11:15:37","modified_gmt":"2025-11-17T10:15:37","slug":"sponsoren","status":"publish","type":"page","link":"https:\/\/vivace-schongau.de\/?page_id=130","title":{"rendered":"Sponsoren"},"content":{"rendered":"\n<p> An dieser Stelle m\u00f6chten wir uns herzlich bei unseren Sponsoren bedanken, die uns immer gro\u00dfz\u00fcgig mit ihren Zuwendungen unterst\u00fctzen.<\/p>\n\n\n\n<p><\/p>\n\n\n\n<p>Ein herzlicher Dank geht hiermit an:&nbsp;\n\n<\/p>\n\n\n\n<p><strong>Fritz Holzhey Stiftung<\/strong><br><strong>Schongau<\/strong><br><\/p>\n\n\n\n<p><strong>Loth Brennstoffe:<\/strong><br><a href=\"http:\/\/www.loth-brennstoffe.de\/\" target=\"_blank\" rel=\"noreferrer noopener\">www.loth-brennstoffe.de<\/a><\/p>\n\n\n\n<div class=\"wp-block-columns has-2-columns is-layout-flex wp-container-core-columns-is-layout-9d6595d7 wp-block-columns-is-layout-flex\">\n<div class=\"wp-block-column is-layout-flow wp-block-column-is-layout-flow\">\n<div class=\"wp-block-columns has-2-columns is-layout-flex wp-container-core-columns-is-layout-9d6595d7 wp-block-columns-is-layout-flex\">\n<div class=\"wp-block-column is-layout-flow wp-block-column-is-layout-flow\">\n<p><strong>Sparkasse Oberland:<\/strong><br><a href=\"http:\/\/www.sparkasse-oberland.de\/\" target=\"_blank\" rel=\"noreferrer noopener\">www.sparkasse-oberland.de<\/a><\/p>\n<\/div>\n\n\n\n<div class=\"wp-block-column is-layout-flow wp-block-column-is-layout-flow\"><\/div>\n\n\n\n<div class=\"wp-block-column is-layout-flow wp-block-column-is-layout-flow\"><\/div>\n<\/div>\n\n\n\n<div class=\"wp-block-columns has-2-columns is-layout-flex wp-container-core-columns-is-layout-9d6595d7 wp-block-columns-is-layout-flex\">\n<div class=\"wp-block-column is-layout-flow wp-block-column-is-layout-flow\"><\/div>\n<\/div>\n<\/div>\n<\/div>\n\n\n\n<p>unterst\u00fctzt vom Bayerischen S\u00e4ngerbund e.V.<\/p>\n\n\n\n<p><\/p>\n\n\n\n<p><\/p>\n\n\n\n<p><\/p>\n\n\n\n<div class=\"wp-block-columns has-2-columns is-layout-flex wp-container-core-columns-is-layout-9d6595d7 wp-block-columns-is-layout-flex\">\n<div class=\"wp-block-column is-layout-flow wp-block-column-is-layout-flow\"><\/div>\n<\/div>\n\n\n\n<div class=\"wp-block-columns has-2-columns is-layout-flex wp-container-core-columns-is-layout-9d6595d7 wp-block-columns-is-layout-flex\">\n<div class=\"wp-block-column is-layout-flow wp-block-column-is-layout-flow\">\n<p><strong>Sie wollen diese Seite vervollst\u00e4ndigen?<\/strong><br>Dann folgen Sie bitte wie auf der linken&nbsp;<a href=\"https:\/\/vivace-schongau.de\/?page_id=109\" data-type=\"page\" data-id=\"109\">Spenden Seite<\/a>.<\/p>\n\n\n\n<p><\/p>\n<\/div>\n\n\n\n<div class=\"wp-block-column is-layout-flow wp-block-column-is-layout-flow\">\n<p><\/p>\n<\/div>\n<\/div>\n\n\n\n<p><\/p>\n","protected":false},"excerpt":{"rendered":"<p>An dieser Stelle m\u00f6chten wir uns herzlich bei unseren Sponsoren bedanken, die uns immer gro\u00dfz\u00fcgig mit ihren Zuwendungen unterst\u00fctzen. Ein herzlicher Dank geht hiermit an:&nbsp; Fritz Holzhey StiftungSchongau Loth Brennstoffe:www.loth-brennstoffe.de Sparkasse Oberland:www.sparkasse-oberland.de unterst\u00fctzt vom Bayerischen S\u00e4ngerbund e.V. Sie wollen diese Seite vervollst\u00e4ndigen?Dann folgen Sie bitte wie auf der linken&nbsp;Spenden Seite.<\/p>\n","protected":false},"author":1,"featured_media":0,"parent":0,"menu_order":0,"comment_status":"closed","ping_status":"closed","template":"","meta":{"footnotes":""},"class_list":["post-130","page","type-page","status-publish","hentry"],"_links":{"self":[{"href":"https:\/\/vivace-schongau.de\/index.php?rest_route=\/wp\/v2\/pages\/130","targetHints":{"allow":["GET"]}}],"collection":[{"href":"https:\/\/vivace-schongau.de\/index.php?rest_route=\/wp\/v2\/pages"}],"about":[{"href":"https:\/\/vivace-schongau.de\/index.php?rest_route=\/wp\/v2\/types\/page"}],"author":[{"embeddable":true,"href":"https:\/\/vivace-schongau.de\/index.php?rest_route=\/wp\/v2\/users\/1"}],"replies":[{"embeddable":true,"href":"https:\/\/vivace-schongau.de\/index.php?rest_route=%2Fwp%2Fv2%2Fcomments&post=130"}],"version-history":[{"count":21,"href":"https:\/\/vivace-schongau.de\/index.php?rest_route=\/wp\/v2\/pages\/130\/revisions"}],"predecessor-version":[{"id":1170,"href":"https:\/\/vivace-schongau.de\/index.php?rest_route=\/wp\/v2\/pages\/130\/revisions\/1170"}],"wp:attachment":[{"href":"https:\/\/vivace-schongau.de\/index.php?rest_route=%2Fwp%2Fv2%2Fmedia&parent=130"}],"curies":[{"name":"wp","href":"https:\/\/api.w.org\/{rel}","templated":true}]}}