{"id":56,"date":"2018-10-23T20:45:08","date_gmt":"2018-10-23T18:45:08","guid":{"rendered":"https:\/\/vivace.willberg.bayern\/wordpress\/?page_id=56"},"modified":"2023-03-30T10:22:57","modified_gmt":"2023-03-30T08:22:57","slug":"leitung","status":"publish","type":"page","link":"https:\/\/vivace-schongau.de\/?page_id=56","title":{"rendered":"Chor-Leitung"},"content":{"rendered":"\n<div class=\"wp-block-columns has-2-columns .page.wide is-layout-flex wp-container-core-columns-is-layout-9d6595d7 wp-block-columns-is-layout-flex\">\n<div class=\"wp-block-column is-layout-flow wp-block-column-is-layout-flow\"><div class=\"wp-block-image\">\n<figure class=\"aligncenter size-large\"><img loading=\"lazy\" decoding=\"async\" width=\"712\" height=\"1024\" src=\"https:\/\/vivace-schongau.de\/wp-content\/uploads\/2023\/03\/olga_tereshchuk-712x1024.png\" alt=\"\" class=\"wp-image-618\" srcset=\"https:\/\/vivace-schongau.de\/wp-content\/uploads\/2023\/03\/olga_tereshchuk-712x1024.png 712w, https:\/\/vivace-schongau.de\/wp-content\/uploads\/2023\/03\/olga_tereshchuk-209x300.png 209w, https:\/\/vivace-schongau.de\/wp-content\/uploads\/2023\/03\/olga_tereshchuk-768x1105.png 768w, https:\/\/vivace-schongau.de\/wp-content\/uploads\/2023\/03\/olga_tereshchuk-1068x1536.png 1068w, https:\/\/vivace-schongau.de\/wp-content\/uploads\/2023\/03\/olga_tereshchuk-1423x2048.png 1423w\" sizes=\"auto, (max-width: 712px) 100vw, 712px\" \/><figcaption class=\"wp-element-caption\">Olga Tereshchuk<\/figcaption><\/figure>\n<\/div>\n\n\n<p><\/p>\n<\/div>\n\n\n\n<div class=\"wp-block-column is-layout-flow wp-block-column-is-layout-flow\">\n<h2 class=\"wp-block-heading\" id=\"a2\">Olga Tereshchuk<\/h2>\n\n\n\n<p>Seit Januar 2023 hat der \u00d6kumenische Chor Vivace Frau Olga Tereshchuk als neue Chorleiterin gewinnen k\u00f6nnen.<\/p>\n\n\n\n<p>Die in Belarus geborene Ukrainerin absolvierte ihre musikalische &nbsp;Ausbildung vorwiegend an der staatlichen Musikfachhochschule in Uman und an Akademien in Donezk und Rostow ( Ukraine).<\/p>\n\n\n\n<p>Seit 1999 ist sie dort als diplomierte \u201eJuniormusikerin\u201c, Klavierlehrerin,Ensemblemusikerin und Leiterin eines kreativen Amateurensembles t\u00e4tig gewesen. Nach Ihrem Master an der Prokofjew Akademie in Donezk&nbsp; erwarb sie In einem Aufbaustudium zus\u00e4tzlich die Qualifikation zur&nbsp; Konzertinterpretin und das Recht an Universit\u00e4ten zu unterrichten.<\/p>\n\n\n\n<p>In Ihrer Heimat, der Ukraine, trat sie&nbsp; auch als Autorin in Erscheinung. Sie befasste sich mit Werken von Wadim Nikolajew. Ihre Arbeit wurde an staatlichen Bildungseinrichtungen als Lehrstoff eingef\u00fchrt. Daneben verfasste sie methodische Arbeiten im Bereich Klavier und Korrepetition.<\/p>\n\n\n\n<p>Ihre Sch\u00fcler errangen viele nationale wie internationale Preise(Tschernigow, Bratislawa, Berlin, Danzig).<\/p>\n\n\n\n<p>Seit Anfang M\u00e4rz unterrichtet Frau Tereshchuk ukrainische Kinder an der Musikschule in Schongau.<\/p>\n<\/div>\n<\/div>\n\n\n\n<p><\/p>\n\n\n\n<p><\/p>\n\n\n\n<p><\/p>\n\n\n\n<p><\/p>\n","protected":false},"excerpt":{"rendered":"<p>Olga Tereshchuk Seit Januar 2023 hat der \u00d6kumenische Chor Vivace Frau Olga Tereshchuk als neue Chorleiterin gewinnen k\u00f6nnen. Die in Belarus geborene Ukrainerin absolvierte ihre musikalische &nbsp;Ausbildung vorwiegend an der staatlichen Musikfachhochschule in Uman und an Akademien in Donezk und Rostow ( Ukraine). Seit 1999 ist sie dort als diplomierte \u201eJuniormusikerin\u201c, Klavierlehrerin,Ensemblemusikerin und Leiterin eines &hellip; <\/p>\n<p class=\"link-more\"><a href=\"https:\/\/vivace-schongau.de\/?page_id=56\" class=\"more-link\"><span class=\"screen-reader-text\">\u201eChor-Leitung\u201c<\/span> weiterlesen<\/a><\/p>\n","protected":false},"author":1,"featured_media":0,"parent":0,"menu_order":0,"comment_status":"closed","ping_status":"closed","template":"","meta":{"footnotes":""},"class_list":["post-56","page","type-page","status-publish","hentry"],"_links":{"self":[{"href":"https:\/\/vivace-schongau.de\/index.php?rest_route=\/wp\/v2\/pages\/56","targetHints":{"allow":["GET"]}}],"collection":[{"href":"https:\/\/vivace-schongau.de\/index.php?rest_route=\/wp\/v2\/pages"}],"about":[{"href":"https:\/\/vivace-schongau.de\/index.php?rest_route=\/wp\/v2\/types\/page"}],"author":[{"embeddable":true,"href":"https:\/\/vivace-schongau.de\/index.php?rest_route=\/wp\/v2\/users\/1"}],"replies":[{"embeddable":true,"href":"https:\/\/vivace-schongau.de\/index.php?rest_route=%2Fwp%2Fv2%2Fcomments&post=56"}],"version-history":[{"count":13,"href":"https:\/\/vivace-schongau.de\/index.php?rest_route=\/wp\/v2\/pages\/56\/revisions"}],"predecessor-version":[{"id":623,"href":"https:\/\/vivace-schongau.de\/index.php?rest_route=\/wp\/v2\/pages\/56\/revisions\/623"}],"wp:attachment":[{"href":"https:\/\/vivace-schongau.de\/index.php?rest_route=%2Fwp%2Fv2%2Fmedia&parent=56"}],"curies":[{"name":"wp","href":"https:\/\/api.w.org\/{rel}","templated":true}]}}