{"id":8,"date":"2018-10-23T19:33:34","date_gmt":"2018-10-23T17:33:34","guid":{"rendered":"https:\/\/vivace.willberg.bayern\/wordpress\/?page_id=8"},"modified":"2025-04-12T08:08:28","modified_gmt":"2025-04-12T06:08:28","slug":"startseite","status":"publish","type":"page","link":"https:\/\/vivace-schongau.de\/","title":{"rendered":"Startseite"},"content":{"rendered":"\n<p class=\"has-text-align-center\">Herzlich willkommen bei VIVACE &#8211; dem \u00f6kumenischen Chor in Schongau!<\/p>\n\n\n\n<p class=\"has-text-align-center\">Der Begriff &#8222;Vivace&#8220; bedeutet soviel wie &nbsp;\u201elebhaft&#8220;oder \u201elebendig&#8220;. <\/p>\n\n\n\n<p class=\"has-text-align-center\">&nbsp;&nbsp;&nbsp; Dieses Lebensgef\u00fchl versuchen wir mit unserem Gesang auszudr\u00fccken.<\/p>\n\n\n\n<p class=\"has-text-align-center\">Lernen Sie uns nun &nbsp;auf den n\u00e4chsten Seiten n\u00e4her kennen.<\/p>\n\n\n\n<figure class=\"wp-block-gallery has-nested-images columns-default is-cropped wp-block-gallery-1 is-layout-flex wp-block-gallery-is-layout-flex\">\n<figure class=\"wp-block-image\"><img loading=\"lazy\" decoding=\"async\" width=\"1024\" height=\"722\" data-id=\"853\" src=\"https:\/\/vivace-schongau.de\/wp-content\/uploads\/2025\/04\/20250411_Vivace_Chor-1024x722.jpg\" alt=\"\" class=\"wp-image-853\" srcset=\"https:\/\/vivace-schongau.de\/wp-content\/uploads\/2025\/04\/20250411_Vivace_Chor-1024x722.jpg 1024w, https:\/\/vivace-schongau.de\/wp-content\/uploads\/2025\/04\/20250411_Vivace_Chor-300x211.jpg 300w, https:\/\/vivace-schongau.de\/wp-content\/uploads\/2025\/04\/20250411_Vivace_Chor-768x541.jpg 768w, https:\/\/vivace-schongau.de\/wp-content\/uploads\/2025\/04\/20250411_Vivace_Chor-1536x1082.jpg 1536w, https:\/\/vivace-schongau.de\/wp-content\/uploads\/2025\/04\/20250411_Vivace_Chor.jpg 2048w\" sizes=\"auto, (max-width: 767px) 89vw, (max-width: 1000px) 54vw, (max-width: 1071px) 543px, 580px\" \/><\/figure>\n<\/figure>\n\n\n\n<p><\/p>\n","protected":false},"excerpt":{"rendered":"<p>Herzlich willkommen bei VIVACE &#8211; dem \u00f6kumenischen Chor in Schongau! Der Begriff &#8222;Vivace&#8220; bedeutet soviel wie &nbsp;\u201elebhaft&#8220;oder \u201elebendig&#8220;. &nbsp;&nbsp;&nbsp; Dieses Lebensgef\u00fchl versuchen wir mit unserem Gesang auszudr\u00fccken. Lernen Sie uns nun &nbsp;auf den n\u00e4chsten Seiten n\u00e4her kennen.<\/p>\n","protected":false},"author":1,"featured_media":0,"parent":0,"menu_order":0,"comment_status":"closed","ping_status":"closed","template":"","meta":{"footnotes":""},"class_list":["post-8","page","type-page","status-publish","hentry"],"_links":{"self":[{"href":"https:\/\/vivace-schongau.de\/index.php?rest_route=\/wp\/v2\/pages\/8","targetHints":{"allow":["GET"]}}],"collection":[{"href":"https:\/\/vivace-schongau.de\/index.php?rest_route=\/wp\/v2\/pages"}],"about":[{"href":"https:\/\/vivace-schongau.de\/index.php?rest_route=\/wp\/v2\/types\/page"}],"author":[{"embeddable":true,"href":"https:\/\/vivace-schongau.de\/index.php?rest_route=\/wp\/v2\/users\/1"}],"replies":[{"embeddable":true,"href":"https:\/\/vivace-schongau.de\/index.php?rest_route=%2Fwp%2Fv2%2Fcomments&post=8"}],"version-history":[{"count":16,"href":"https:\/\/vivace-schongau.de\/index.php?rest_route=\/wp\/v2\/pages\/8\/revisions"}],"predecessor-version":[{"id":854,"href":"https:\/\/vivace-schongau.de\/index.php?rest_route=\/wp\/v2\/pages\/8\/revisions\/854"}],"wp:attachment":[{"href":"https:\/\/vivace-schongau.de\/index.php?rest_route=%2Fwp%2Fv2%2Fmedia&parent=8"}],"curies":[{"name":"wp","href":"https:\/\/api.w.org\/{rel}","templated":true}]}}