{"id":83,"date":"2018-10-23T21:20:12","date_gmt":"2018-10-23T19:20:12","guid":{"rendered":"https:\/\/vivace.willberg.bayern\/wordpress\/?page_id=83"},"modified":"2026-03-25T20:37:35","modified_gmt":"2026-03-25T19:37:35","slug":"aktuelles","status":"publish","type":"page","link":"https:\/\/vivace-schongau.de\/?page_id=83","title":{"rendered":"Aktuelles"},"content":{"rendered":"<p style=\"text-align: center;\">Wir bringen uns auch gern in die Gottesdienstgestaltung mit ein, wie bspw. am ersten Adventssonntag in der evangelischen Kirche Schongau im\u00a0<\/p>\n<p style=\"text-align: center;\"><strong>&#8222;Herinspaziert Gottesdienst&#8220;<\/strong><\/p>\n\n\n<h6 class=\"wp-block-heading\"><strong>Unser Konzert im Spiegel der Presse<\/strong><\/h6>\n\n\n\n<figure class=\"wp-block-image size-large\"><img loading=\"lazy\" decoding=\"async\" width=\"2338\" height=\"1654\" src=\"https:\/\/vivace-schongau.de\/wp-content\/uploads\/2025\/12\/251210_Konzert_Zeitungsartikel-5-edited.jpg\" alt=\"\" class=\"wp-image-1199\" srcset=\"https:\/\/vivace-schongau.de\/wp-content\/uploads\/2025\/12\/251210_Konzert_Zeitungsartikel-5-edited.jpg 2338w, https:\/\/vivace-schongau.de\/wp-content\/uploads\/2025\/12\/251210_Konzert_Zeitungsartikel-5-edited-300x212.jpg 300w, https:\/\/vivace-schongau.de\/wp-content\/uploads\/2025\/12\/251210_Konzert_Zeitungsartikel-5-edited-1024x724.jpg 1024w, https:\/\/vivace-schongau.de\/wp-content\/uploads\/2025\/12\/251210_Konzert_Zeitungsartikel-5-edited-768x543.jpg 768w, https:\/\/vivace-schongau.de\/wp-content\/uploads\/2025\/12\/251210_Konzert_Zeitungsartikel-5-edited-1536x1087.jpg 1536w, https:\/\/vivace-schongau.de\/wp-content\/uploads\/2025\/12\/251210_Konzert_Zeitungsartikel-5-edited-2048x1449.jpg 2048w\" sizes=\"auto, (max-width: 767px) 89vw, (max-width: 1000px) 54vw, (max-width: 1071px) 543px, 580px\" \/><\/figure>\n\n\n\n<p>unser Konzert <strong>am 28. November in der Stadtpfarrkirche Mari\u00e4 Himmelfahrt<\/strong> in Schongau<\/p>\n\n\n\n<figure class=\"wp-block-image size-large\"><img loading=\"lazy\" decoding=\"async\" width=\"724\" height=\"1024\" src=\"https:\/\/vivace-schongau.de\/wp-content\/uploads\/2025\/11\/251115_Chorwochenende-724x1024.jpg\" alt=\"\" class=\"wp-image-1168\" srcset=\"https:\/\/vivace-schongau.de\/wp-content\/uploads\/2025\/11\/251115_Chorwochenende-724x1024.jpg 724w, https:\/\/vivace-schongau.de\/wp-content\/uploads\/2025\/11\/251115_Chorwochenende-212x300.jpg 212w, https:\/\/vivace-schongau.de\/wp-content\/uploads\/2025\/11\/251115_Chorwochenende-768x1086.jpg 768w, https:\/\/vivace-schongau.de\/wp-content\/uploads\/2025\/11\/251115_Chorwochenende-1087x1536.jpg 1087w, https:\/\/vivace-schongau.de\/wp-content\/uploads\/2025\/11\/251115_Chorwochenende-1449x2048.jpg 1449w, https:\/\/vivace-schongau.de\/wp-content\/uploads\/2025\/11\/251115_Chorwochenende-scaled.jpg 1811w\" sizes=\"auto, (max-width: 724px) 100vw, 724px\" \/><\/figure>\n\n\n\n<p>unser sch\u00f6nes Chor-Wochenende am 14. &#8211; 16. November in Steingaden<\/p>\n\n\n\n<figure class=\"wp-block-image size-large\"><img loading=\"lazy\" decoding=\"async\" width=\"1024\" height=\"768\" src=\"https:\/\/vivace-schongau.de\/wp-content\/uploads\/2025\/11\/20251115_164311-1024x768.jpg\" alt=\"\" class=\"wp-image-1172\" srcset=\"https:\/\/vivace-schongau.de\/wp-content\/uploads\/2025\/11\/20251115_164311-1024x768.jpg 1024w, https:\/\/vivace-schongau.de\/wp-content\/uploads\/2025\/11\/20251115_164311-300x225.jpg 300w, https:\/\/vivace-schongau.de\/wp-content\/uploads\/2025\/11\/20251115_164311-768x576.jpg 768w, https:\/\/vivace-schongau.de\/wp-content\/uploads\/2025\/11\/20251115_164311-1536x1152.jpg 1536w, https:\/\/vivace-schongau.de\/wp-content\/uploads\/2025\/11\/20251115_164311-2048x1536.jpg 2048w\" sizes=\"auto, (max-width: 767px) 89vw, (max-width: 1000px) 54vw, (max-width: 1071px) 543px, 580px\" \/><\/figure>\n\n\n\n<figure class=\"wp-block-image size-large\"><img loading=\"lazy\" decoding=\"async\" width=\"1024\" height=\"768\" src=\"https:\/\/vivace-schongau.de\/wp-content\/uploads\/2025\/11\/20251115_112842-1024x768.jpg\" alt=\"\" class=\"wp-image-1173\" srcset=\"https:\/\/vivace-schongau.de\/wp-content\/uploads\/2025\/11\/20251115_112842-1024x768.jpg 1024w, https:\/\/vivace-schongau.de\/wp-content\/uploads\/2025\/11\/20251115_112842-300x225.jpg 300w, https:\/\/vivace-schongau.de\/wp-content\/uploads\/2025\/11\/20251115_112842-768x576.jpg 768w, https:\/\/vivace-schongau.de\/wp-content\/uploads\/2025\/11\/20251115_112842-1536x1152.jpg 1536w, https:\/\/vivace-schongau.de\/wp-content\/uploads\/2025\/11\/20251115_112842-2048x1536.jpg 2048w\" sizes=\"auto, (max-width: 767px) 89vw, (max-width: 1000px) 54vw, (max-width: 1071px) 543px, 580px\" \/><\/figure>\n\n\n\n<p>wir freuen uns \u00fcber neue S\u00e4ngerInnen<\/p>\n\n\n\n<figure class=\"wp-block-image size-large\"><img loading=\"lazy\" decoding=\"async\" width=\"1024\" height=\"724\" src=\"https:\/\/vivace-schongau.de\/wp-content\/uploads\/2025\/06\/2506_Artikel_Vivace_Zeitung-1024x724.jpg\" alt=\"\" class=\"wp-image-975\" srcset=\"https:\/\/vivace-schongau.de\/wp-content\/uploads\/2025\/06\/2506_Artikel_Vivace_Zeitung-1024x724.jpg 1024w, https:\/\/vivace-schongau.de\/wp-content\/uploads\/2025\/06\/2506_Artikel_Vivace_Zeitung-300x212.jpg 300w, https:\/\/vivace-schongau.de\/wp-content\/uploads\/2025\/06\/2506_Artikel_Vivace_Zeitung-768x543.jpg 768w, https:\/\/vivace-schongau.de\/wp-content\/uploads\/2025\/06\/2506_Artikel_Vivace_Zeitung-1536x1087.jpg 1536w, https:\/\/vivace-schongau.de\/wp-content\/uploads\/2025\/06\/2506_Artikel_Vivace_Zeitung-2048x1449.jpg 2048w\" sizes=\"auto, (max-width: 767px) 89vw, (max-width: 1000px) 54vw, (max-width: 1071px) 543px, 580px\" \/><\/figure>\n\n\n\n<table id=\"tablepress-2\" class=\"tablepress tablepress-id-2\">\n<thead>\n<tr class=\"row-1\">\n\t<th class=\"column-1\">Wann<\/th><th class=\"column-2\">Wo<\/th><th class=\"column-3\">Was<\/th>\n<\/tr>\n<\/thead>\n<tbody class=\"row-striping row-hover\">\n<tr class=\"row-2\">\n\t<td class=\"column-1\">jeden Donnerstag, 19:30 Uhr bis 21:30 Uhr<\/td><td class=\"column-2\">Pfarrheim Verkl\u00e4rung Christi, \"Kleiner Saal\" 1. Stock<\/td><td class=\"column-3\">W\u00f6chentliche Chor-Probe<\/td>\n<\/tr>\n<\/tbody>\n<\/table>\n<!-- #tablepress-2 from cache -->\n<p><img loading=\"lazy\" decoding=\"async\" class=\"wp-image-851 aligncenter\" src=\"https:\/\/vivace-schongau.de\/wp-content\/uploads\/2025\/04\/250405_Vivace_Hohenpeissenberg-300x120.png\" alt=\"\" width=\"640\" height=\"256\" srcset=\"https:\/\/vivace-schongau.de\/wp-content\/uploads\/2025\/04\/250405_Vivace_Hohenpeissenberg-300x120.png 300w, https:\/\/vivace-schongau.de\/wp-content\/uploads\/2025\/04\/250405_Vivace_Hohenpeissenberg-1024x410.png 1024w, https:\/\/vivace-schongau.de\/wp-content\/uploads\/2025\/04\/250405_Vivace_Hohenpeissenberg-768x307.png 768w, https:\/\/vivace-schongau.de\/wp-content\/uploads\/2025\/04\/250405_Vivace_Hohenpeissenberg.png 1535w\" sizes=\"auto, (max-width: 640px) 100vw, 640px\" \/><\/p>\n\n\n<figure class=\"wp-block-image size-large\"><img loading=\"lazy\" decoding=\"async\" width=\"724\" height=\"1024\" src=\"https:\/\/vivace-schongau.de\/wp-content\/uploads\/2025\/03\/Plakat-A4-Gemeinschaftskonzerte-2025-724x1024.jpg\" alt=\"\" class=\"wp-image-832\" srcset=\"https:\/\/vivace-schongau.de\/wp-content\/uploads\/2025\/03\/Plakat-A4-Gemeinschaftskonzerte-2025-724x1024.jpg 724w, https:\/\/vivace-schongau.de\/wp-content\/uploads\/2025\/03\/Plakat-A4-Gemeinschaftskonzerte-2025-212x300.jpg 212w, https:\/\/vivace-schongau.de\/wp-content\/uploads\/2025\/03\/Plakat-A4-Gemeinschaftskonzerte-2025-768x1086.jpg 768w, https:\/\/vivace-schongau.de\/wp-content\/uploads\/2025\/03\/Plakat-A4-Gemeinschaftskonzerte-2025-1086x1536.jpg 1086w, https:\/\/vivace-schongau.de\/wp-content\/uploads\/2025\/03\/Plakat-A4-Gemeinschaftskonzerte-2025.jpg 1190w\" sizes=\"auto, (max-width: 724px) 100vw, 724px\" \/><\/figure>\n\n\n\n<figure class=\"wp-block-image size-large\"><img loading=\"lazy\" decoding=\"async\" width=\"1024\" height=\"726\" src=\"https:\/\/vivace-schongau.de\/wp-content\/uploads\/2026\/03\/241127_Altenstadt_Basilika_Konzert-1-1024x726.jpg\" alt=\"\" class=\"wp-image-1303\" srcset=\"https:\/\/vivace-schongau.de\/wp-content\/uploads\/2026\/03\/241127_Altenstadt_Basilika_Konzert-1-1024x726.jpg 1024w, https:\/\/vivace-schongau.de\/wp-content\/uploads\/2026\/03\/241127_Altenstadt_Basilika_Konzert-1-300x213.jpg 300w, https:\/\/vivace-schongau.de\/wp-content\/uploads\/2026\/03\/241127_Altenstadt_Basilika_Konzert-1-768x544.jpg 768w, https:\/\/vivace-schongau.de\/wp-content\/uploads\/2026\/03\/241127_Altenstadt_Basilika_Konzert-1-1536x1088.jpg 1536w, https:\/\/vivace-schongau.de\/wp-content\/uploads\/2026\/03\/241127_Altenstadt_Basilika_Konzert-1-rotated.jpg 2024w\" sizes=\"auto, (max-width: 767px) 89vw, (max-width: 1000px) 54vw, (max-width: 1071px) 543px, 580px\" \/><\/figure>\n\n\n\n<figure class=\"wp-block-image size-large\"><img loading=\"lazy\" decoding=\"async\" width=\"727\" height=\"1024\" src=\"https:\/\/vivace-schongau.de\/wp-content\/uploads\/2024\/10\/241127_Auftritt_Basilika_Altenstadt-727x1024.jpg\" alt=\"\" class=\"wp-image-731\" srcset=\"https:\/\/vivace-schongau.de\/wp-content\/uploads\/2024\/10\/241127_Auftritt_Basilika_Altenstadt-727x1024.jpg 727w, https:\/\/vivace-schongau.de\/wp-content\/uploads\/2024\/10\/241127_Auftritt_Basilika_Altenstadt-213x300.jpg 213w, https:\/\/vivace-schongau.de\/wp-content\/uploads\/2024\/10\/241127_Auftritt_Basilika_Altenstadt-768x1082.jpg 768w, https:\/\/vivace-schongau.de\/wp-content\/uploads\/2024\/10\/241127_Auftritt_Basilika_Altenstadt.jpg 1080w\" sizes=\"auto, (max-width: 727px) 100vw, 727px\" \/><\/figure>\n","protected":false},"excerpt":{"rendered":"<p>Wir bringen uns auch gern in die Gottesdienstgestaltung mit ein, wie bspw. am ersten Adventssonntag in der evangelischen Kirche Schongau im\u00a0 &#8222;Herinspaziert Gottesdienst&#8220; Unser Konzert im Spiegel der Presse unser Konzert am 28. November in der Stadtpfarrkirche Mari\u00e4 Himmelfahrt in Schongau unser sch\u00f6nes Chor-Wochenende am 14. &#8211; 16. November in Steingaden wir freuen uns \u00fcber &hellip; <\/p>\n<p class=\"link-more\"><a href=\"https:\/\/vivace-schongau.de\/?page_id=83\" class=\"more-link\"><span class=\"screen-reader-text\">\u201eAktuelles\u201c<\/span> weiterlesen<\/a><\/p>\n","protected":false},"author":1,"featured_media":0,"parent":0,"menu_order":0,"comment_status":"closed","ping_status":"closed","template":"","meta":{"footnotes":""},"class_list":["post-83","page","type-page","status-publish","hentry"],"_links":{"self":[{"href":"https:\/\/vivace-schongau.de\/index.php?rest_route=\/wp\/v2\/pages\/83","targetHints":{"allow":["GET"]}}],"collection":[{"href":"https:\/\/vivace-schongau.de\/index.php?rest_route=\/wp\/v2\/pages"}],"about":[{"href":"https:\/\/vivace-schongau.de\/index.php?rest_route=\/wp\/v2\/types\/page"}],"author":[{"embeddable":true,"href":"https:\/\/vivace-schongau.de\/index.php?rest_route=\/wp\/v2\/users\/1"}],"replies":[{"embeddable":true,"href":"https:\/\/vivace-schongau.de\/index.php?rest_route=%2Fwp%2Fv2%2Fcomments&post=83"}],"version-history":[{"count":16,"href":"https:\/\/vivace-schongau.de\/index.php?rest_route=\/wp\/v2\/pages\/83\/revisions"}],"predecessor-version":[{"id":1304,"href":"https:\/\/vivace-schongau.de\/index.php?rest_route=\/wp\/v2\/pages\/83\/revisions\/1304"}],"wp:attachment":[{"href":"https:\/\/vivace-schongau.de\/index.php?rest_route=%2Fwp%2Fv2%2Fmedia&parent=83"}],"curies":[{"name":"wp","href":"https:\/\/api.w.org\/{rel}","templated":true}]}}